{"id":29728,"date":"2022-07-29T15:53:55","date_gmt":"2022-07-29T20:53:55","guid":{"rendered":"https:\/\/www.divinerenovation.org\/blog\/"},"modified":"2025-08-07T14:59:40","modified_gmt":"2025-08-07T19:59:40","slug":"blog","status":"publish","type":"page","link":"https:\/\/www.divinerenovation.org\/fr\/blog\/","title":{"rendered":"BLOG"},"content":{"rendered":"\t\t<div data-elementor-type=\"wp-page\" data-elementor-id=\"29728\" class=\"elementor elementor-29728 elementor-16\" data-elementor-post-type=\"page\">\n\t\t\t\t\t\t<section class=\"elementor-section elementor-top-section elementor-element elementor-element-9bf59b3 elementor-section-boxed elementor-section-height-default elementor-section-height-default\" data-id=\"9bf59b3\" data-element_type=\"section\" data-e-type=\"section\" data-settings=\"{&quot;background_background&quot;:&quot;classic&quot;}\">\n\t\t\t\t\t\t\t<div class=\"elementor-background-overlay\"><\/div>\n\t\t\t\t\t\t\t<div class=\"elementor-container elementor-column-gap-default\">\n\t\t\t\t\t<div class=\"elementor-column elementor-col-100 elementor-top-column elementor-element elementor-element-e7a05af\" data-id=\"e7a05af\" data-element_type=\"column\" data-e-type=\"column\">\n\t\t\t<div class=\"elementor-widget-wrap elementor-element-populated\">\n\t\t\t\t\t\t<div class=\"elementor-element elementor-element-b933f3f elementor-widget elementor-widget-heading\" data-id=\"b933f3f\" data-element_type=\"widget\" data-e-type=\"widget\" data-widget_type=\"heading.default\">\n\t\t\t\t<div class=\"elementor-widget-container\">\n\t\t\t\t\t<h1 class=\"elementor-heading-title elementor-size-default\">Histoires de renouveau paroissial <br>du <i>monde entier<\/i>.<\/h1>\t\t\t\t<\/div>\n\t\t\t\t<\/div>\n\t\t\t\t\t<\/div>\n\t\t<\/div>\n\t\t\t\t\t<\/div>\n\t\t<\/section>\n\t\t\t\t<section class=\"elementor-section elementor-top-section elementor-element elementor-element-c1c9609 elementor-section-boxed elementor-section-height-default elementor-section-height-default\" data-id=\"c1c9609\" data-element_type=\"section\" data-e-type=\"section\">\n\t\t\t\t\t\t<div class=\"elementor-container elementor-column-gap-default\">\n\t\t\t\t\t<div class=\"elementor-column elementor-col-100 elementor-top-column elementor-element elementor-element-d2eb1aa\" data-id=\"d2eb1aa\" data-element_type=\"column\" data-e-type=\"column\">\n\t\t\t<div class=\"elementor-widget-wrap elementor-element-populated\">\n\t\t\t\t\t\t<div class=\"elementor-element elementor-element-8933073 elementor-widget elementor-widget-spacer\" data-id=\"8933073\" data-element_type=\"widget\" data-e-type=\"widget\" data-widget_type=\"spacer.default\">\n\t\t\t\t<div class=\"elementor-widget-container\">\n\t\t\t\t\t\t\t<div class=\"elementor-spacer\">\n\t\t\t<div class=\"elementor-spacer-inner\"><\/div>\n\t\t<\/div>\n\t\t\t\t\t\t<\/div>\n\t\t\t\t<\/div>\n\t\t\t\t\t<\/div>\n\t\t<\/div>\n\t\t\t\t\t<\/div>\n\t\t<\/section>\n\t\t\t\t<section class=\"elementor-section elementor-top-section elementor-element elementor-element-0c6d788 elementor-section-boxed elementor-section-height-default elementor-section-height-default\" data-id=\"0c6d788\" data-element_type=\"section\" data-e-type=\"section\">\n\t\t\t\t\t\t<div class=\"elementor-container elementor-column-gap-default\">\n\t\t\t\t\t<div class=\"elementor-column elementor-col-100 elementor-top-column elementor-element elementor-element-4ac9f84\" data-id=\"4ac9f84\" data-element_type=\"column\" data-e-type=\"column\">\n\t\t\t<div class=\"elementor-widget-wrap elementor-element-populated\">\n\t\t\t\t\t\t\t<\/div>\n\t\t<\/div>\n\t\t\t\t\t<\/div>\n\t\t<\/section>\n\t\t\t\t<section class=\"elementor-section elementor-top-section elementor-element elementor-element-2fa4070 elementor-section-boxed elementor-section-height-default elementor-section-height-default\" data-id=\"2fa4070\" data-element_type=\"section\" data-e-type=\"section\">\n\t\t\t\t\t\t<div class=\"elementor-container elementor-column-gap-default\">\n\t\t\t\t\t<div class=\"elementor-column elementor-col-100 elementor-top-column elementor-element elementor-element-d204dc4\" data-id=\"d204dc4\" data-element_type=\"column\" data-e-type=\"column\">\n\t\t\t<div class=\"elementor-widget-wrap elementor-element-populated\">\n\t\t\t\t\t\t<div class=\"elementor-element elementor-element-5a64d1f elementor-widget elementor-widget-spacer\" data-id=\"5a64d1f\" data-element_type=\"widget\" data-e-type=\"widget\" data-widget_type=\"spacer.default\">\n\t\t\t\t<div class=\"elementor-widget-container\">\n\t\t\t\t\t\t\t<div class=\"elementor-spacer\">\n\t\t\t<div class=\"elementor-spacer-inner\"><\/div>\n\t\t<\/div>\n\t\t\t\t\t\t<\/div>\n\t\t\t\t<\/div>\n\t\t\t\t<div class=\"elementor-element elementor-element-bc0d9c8 premium-blog-align-left elementor-widget elementor-widget-premium-addon-blog\" data-id=\"bc0d9c8\" data-element_type=\"widget\" data-e-type=\"widget\" data-settings=\"{&quot;force_height&quot;:&quot;true&quot;,&quot;premium_blog_infinite_scroll&quot;:&quot;yes&quot;,&quot;_animation&quot;:&quot;none&quot;,&quot;filter_flag&quot;:&quot;cat&quot;,&quot;premium_blog_grid&quot;:&quot;yes&quot;,&quot;premium_blog_layout&quot;:&quot;even&quot;,&quot;premium_blog_columns_number&quot;:&quot;50%&quot;,&quot;premium_blog_columns_number_tablet&quot;:&quot;50%&quot;,&quot;premium_blog_columns_number_mobile&quot;:&quot;100%&quot;,&quot;scroll_to_offset&quot;:&quot;yes&quot;}\" data-widget_type=\"premium-addon-blog.default\">\n\t\t\t\t<div class=\"elementor-widget-container\">\n\t\t\t\t\t\t\t<div class=\"premium-error-notice\">\n\t\t\tLa requ\u00eate actuelle ne contient aucun message. Veuillez vous assurer d\u2019avoir publi\u00e9 les \u00e9l\u00e9ments correspondant \u00e0 votre requ\u00eate.\t\t<\/div>\n\t\t\t\t\t\t<\/div>\n\t\t\t\t<\/div>\n\t\t\t\t<div class=\"elementor-element elementor-element-c2174ec premium-blog-align-left elementor-widget elementor-widget-premium-addon-blog\" data-id=\"c2174ec\" data-element_type=\"widget\" data-e-type=\"widget\" data-settings=\"{&quot;premium_blog_grid&quot;:&quot;yes&quot;,&quot;premium_blog_layout&quot;:&quot;even&quot;,&quot;premium_blog_columns_number&quot;:&quot;50%&quot;,&quot;premium_blog_columns_number_tablet&quot;:&quot;50%&quot;,&quot;premium_blog_columns_number_mobile&quot;:&quot;100%&quot;}\" data-widget_type=\"premium-addon-blog.default\">\n\t\t\t\t<div class=\"elementor-widget-container\">\n\t\t\t\t\t\t\t<div class=\"premium-error-notice\">\n\t\t\tLa requ\u00eate actuelle ne contient aucun message. Veuillez vous assurer d\u2019avoir publi\u00e9 les \u00e9l\u00e9ments correspondant \u00e0 votre requ\u00eate.\t\t<\/div>\n\t\t\t\t\t\t<\/div>\n\t\t\t\t<\/div>\n\t\t\t\t\t<\/div>\n\t\t<\/div>\n\t\t\t\t\t<\/div>\n\t\t<\/section>\n\t\t\t\t<section class=\"elementor-section elementor-top-section elementor-element elementor-element-fc701a6 elementor-section-boxed elementor-section-height-default elementor-section-height-default\" data-id=\"fc701a6\" data-element_type=\"section\" data-e-type=\"section\">\n\t\t\t\t\t\t<div class=\"elementor-container elementor-column-gap-default\">\n\t\t\t\t\t<div class=\"elementor-column elementor-col-100 elementor-top-column elementor-element elementor-element-ebb13c3\" data-id=\"ebb13c3\" data-element_type=\"column\" data-e-type=\"column\">\n\t\t\t<div class=\"elementor-widget-wrap elementor-element-populated\">\n\t\t\t\t\t\t<div class=\"elementor-element elementor-element-5bd507e elementor-widget elementor-widget-spacer\" data-id=\"5bd507e\" data-element_type=\"widget\" data-e-type=\"widget\" data-widget_type=\"spacer.default\">\n\t\t\t\t<div class=\"elementor-widget-container\">\n\t\t\t\t\t\t\t<div class=\"elementor-spacer\">\n\t\t\t<div class=\"elementor-spacer-inner\"><\/div>\n\t\t<\/div>\n\t\t\t\t\t\t<\/div>\n\t\t\t\t<\/div>\n\t\t\t\t\t<\/div>\n\t\t<\/div>\n\t\t\t\t\t<\/div>\n\t\t<\/section>\n\t\t\t\t<\/div>\n\t\t","protected":false},"excerpt":{"rendered":"<p>Histoires de renouveau paroissial du monde entier. All Australasia Canada Germany Global Ireland United Kingdom USA For the Beauty of the Church: A Story from Canada For the Beauty of [&hellip;]<\/p>\n","protected":false},"author":8190,"featured_media":16350,"parent":0,"menu_order":0,"comment_status":"closed","ping_status":"closed","template":"","meta":{"_mo_disable_npp":"","footnotes":""},"class_list":["post-29728","page","type-page","status-publish","has-post-thumbnail","hentry"],"yoast_head":"<!-- This site is optimized with the Yoast SEO Premium plugin v27.3 (Yoast SEO v27.3) - https:\/\/yoast.com\/product\/yoast-seo-premium-wordpress\/ -->\n<title>BLOG - Divine Renovation Ministry<\/title>\n<meta name=\"description\" content=\"Pr\u00eat pour de bonnes nouvelles ? D\u00e9couvrez les derni\u00e8res histoires et articles sur le renouveau paroissial qui se d\u00e9roule \u00e0 travers le monde.\" \/>\n<meta name=\"robots\" content=\"index, follow, max-snippet:-1, max-image-preview:large, max-video-preview:-1\" \/>\n<link rel=\"canonical\" href=\"https:\/\/www.divinerenovation.org\/fr\/blog\/\" \/>\n<meta property=\"og:locale\" content=\"fr_FR\" \/>\n<meta property=\"og:type\" content=\"article\" \/>\n<meta property=\"og:title\" content=\"BLOG\" \/>\n<meta property=\"og:description\" content=\"Pr\u00eat pour de bonnes nouvelles ? D\u00e9couvrez les derni\u00e8res histoires et articles sur le renouveau paroissial qui se d\u00e9roule \u00e0 travers le monde.\" \/>\n<meta property=\"og:url\" content=\"https:\/\/www.divinerenovation.org\/fr\/blog\/\" \/>\n<meta property=\"og:site_name\" content=\"Divine Renovation Ministry\" \/>\n<meta property=\"article:publisher\" content=\"https:\/\/www.facebook.com\/DivineRenovation\" \/>\n<meta property=\"article:modified_time\" content=\"2025-08-07T19:59:40+00:00\" \/>\n<meta property=\"og:image\" content=\"https:\/\/www.divinerenovation.org\/wp-content\/uploads\/2024\/02\/IMG_4393-scaled.jpeg\" \/>\n\t<meta property=\"og:image:width\" content=\"2560\" \/>\n\t<meta property=\"og:image:height\" content=\"1920\" \/>\n\t<meta property=\"og:image:type\" content=\"image\/jpeg\" \/>\n<meta name=\"twitter:card\" content=\"summary_large_image\" \/>\n<meta name=\"twitter:site\" content=\"@DivReno\" \/>\n<meta name=\"twitter:label1\" content=\"Dur\u00e9e de lecture estim\u00e9e\" \/>\n\t<meta name=\"twitter:data1\" content=\"9 minutes\" \/>\n<script type=\"application\/ld+json\" class=\"yoast-schema-graph\">{\"@context\":\"https:\\\/\\\/schema.org\",\"@graph\":[{\"@type\":\"WebPage\",\"@id\":\"https:\\\/\\\/www.divinerenovation.org\\\/fr\\\/blog\\\/\",\"url\":\"https:\\\/\\\/www.divinerenovation.org\\\/fr\\\/blog\\\/\",\"name\":\"BLOG - Divine Renovation Ministry\",\"isPartOf\":{\"@id\":\"https:\\\/\\\/www.divinerenovation.org\\\/fr\\\/#website\"},\"primaryImageOfPage\":{\"@id\":\"https:\\\/\\\/www.divinerenovation.org\\\/fr\\\/blog\\\/#primaryimage\"},\"image\":{\"@id\":\"https:\\\/\\\/www.divinerenovation.org\\\/fr\\\/blog\\\/#primaryimage\"},\"thumbnailUrl\":\"https:\\\/\\\/www.divinerenovation.org\\\/wp-content\\\/uploads\\\/2024\\\/02\\\/IMG_4393-scaled.jpeg\",\"datePublished\":\"2022-07-29T20:53:55+00:00\",\"dateModified\":\"2025-08-07T19:59:40+00:00\",\"description\":\"Pr\u00eat pour de bonnes nouvelles ? D\u00e9couvrez les derni\u00e8res histoires et articles sur le renouveau paroissial qui se d\u00e9roule \u00e0 travers le monde.\",\"breadcrumb\":{\"@id\":\"https:\\\/\\\/www.divinerenovation.org\\\/fr\\\/blog\\\/#breadcrumb\"},\"inLanguage\":\"fr-FR\",\"potentialAction\":[{\"@type\":\"ReadAction\",\"target\":[\"https:\\\/\\\/www.divinerenovation.org\\\/fr\\\/blog\\\/\"]}]},{\"@type\":\"ImageObject\",\"inLanguage\":\"fr-FR\",\"@id\":\"https:\\\/\\\/www.divinerenovation.org\\\/fr\\\/blog\\\/#primaryimage\",\"url\":\"https:\\\/\\\/www.divinerenovation.org\\\/wp-content\\\/uploads\\\/2024\\\/02\\\/IMG_4393-scaled.jpeg\",\"contentUrl\":\"https:\\\/\\\/www.divinerenovation.org\\\/wp-content\\\/uploads\\\/2024\\\/02\\\/IMG_4393-scaled.jpeg\",\"width\":2560,\"height\":1920},{\"@type\":\"BreadcrumbList\",\"@id\":\"https:\\\/\\\/www.divinerenovation.org\\\/fr\\\/blog\\\/#breadcrumb\",\"itemListElement\":[{\"@type\":\"ListItem\",\"position\":1,\"name\":\"Home\",\"item\":\"https:\\\/\\\/www.divinerenovation.org\\\/fr\\\/accueil\\\/\"},{\"@type\":\"ListItem\",\"position\":2,\"name\":\"BLOG\"}]},{\"@type\":\"WebSite\",\"@id\":\"https:\\\/\\\/www.divinerenovation.org\\\/fr\\\/#website\",\"url\":\"https:\\\/\\\/www.divinerenovation.org\\\/fr\\\/\",\"name\":\"Divine Renovation Ministry\",\"description\":\"Bringing hope to priests, life to parishes, and people to Jesus.\",\"publisher\":{\"@id\":\"https:\\\/\\\/www.divinerenovation.org\\\/fr\\\/#organization\"},\"alternateName\":\"DR\",\"potentialAction\":[{\"@type\":\"SearchAction\",\"target\":{\"@type\":\"EntryPoint\",\"urlTemplate\":\"https:\\\/\\\/www.divinerenovation.org\\\/fr\\\/?s={search_term_string}\"},\"query-input\":{\"@type\":\"PropertyValueSpecification\",\"valueRequired\":true,\"valueName\":\"search_term_string\"}}],\"inLanguage\":\"fr-FR\"},{\"@type\":\"Organization\",\"@id\":\"https:\\\/\\\/www.divinerenovation.org\\\/fr\\\/#organization\",\"name\":\"Divine Renovation Ministry\",\"alternateName\":\"DR\",\"url\":\"https:\\\/\\\/www.divinerenovation.org\\\/fr\\\/\",\"logo\":{\"@type\":\"ImageObject\",\"inLanguage\":\"fr-FR\",\"@id\":\"https:\\\/\\\/www.divinerenovation.org\\\/fr\\\/#\\\/schema\\\/logo\\\/image\\\/\",\"url\":\"https:\\\/\\\/www.divinerenovation.org\\\/wp-content\\\/uploads\\\/2022\\\/08\\\/Divine-Renovation-Logo-RGB-Web-Colour-e1659649013740.png\",\"contentUrl\":\"https:\\\/\\\/www.divinerenovation.org\\\/wp-content\\\/uploads\\\/2022\\\/08\\\/Divine-Renovation-Logo-RGB-Web-Colour-e1659649013740.png\",\"width\":200,\"height\":84,\"caption\":\"Divine Renovation Ministry\"},\"image\":{\"@id\":\"https:\\\/\\\/www.divinerenovation.org\\\/fr\\\/#\\\/schema\\\/logo\\\/image\\\/\"},\"sameAs\":[\"https:\\\/\\\/www.facebook.com\\\/DivineRenovation\",\"https:\\\/\\\/x.com\\\/DivReno\",\"https:\\\/\\\/www.youtube.com\\\/@DivinerenovationNet\",\"https:\\\/\\\/www.instagram.com\\\/divinerenovation\\\/\"]}]}<\/script>\n<!-- \/ Yoast SEO Premium plugin. -->","yoast_head_json":{"title":"BLOG - Divine Renovation Ministry","description":"Pr\u00eat pour de bonnes nouvelles ? D\u00e9couvrez les derni\u00e8res histoires et articles sur le renouveau paroissial qui se d\u00e9roule \u00e0 travers le monde.","robots":{"index":"index","follow":"follow","max-snippet":"max-snippet:-1","max-image-preview":"max-image-preview:large","max-video-preview":"max-video-preview:-1"},"canonical":"https:\/\/www.divinerenovation.org\/fr\/blog\/","og_locale":"fr_FR","og_type":"article","og_title":"BLOG","og_description":"Pr\u00eat pour de bonnes nouvelles ? D\u00e9couvrez les derni\u00e8res histoires et articles sur le renouveau paroissial qui se d\u00e9roule \u00e0 travers le monde.","og_url":"https:\/\/www.divinerenovation.org\/fr\/blog\/","og_site_name":"Divine Renovation Ministry","article_publisher":"https:\/\/www.facebook.com\/DivineRenovation","article_modified_time":"2025-08-07T19:59:40+00:00","og_image":[{"width":2560,"height":1920,"url":"https:\/\/www.divinerenovation.org\/wp-content\/uploads\/2024\/02\/IMG_4393-scaled.jpeg","type":"image\/jpeg"}],"twitter_card":"summary_large_image","twitter_site":"@DivReno","twitter_misc":{"Dur\u00e9e de lecture estim\u00e9e":"9 minutes"},"schema":{"@context":"https:\/\/schema.org","@graph":[{"@type":"WebPage","@id":"https:\/\/www.divinerenovation.org\/fr\/blog\/","url":"https:\/\/www.divinerenovation.org\/fr\/blog\/","name":"BLOG - Divine Renovation Ministry","isPartOf":{"@id":"https:\/\/www.divinerenovation.org\/fr\/#website"},"primaryImageOfPage":{"@id":"https:\/\/www.divinerenovation.org\/fr\/blog\/#primaryimage"},"image":{"@id":"https:\/\/www.divinerenovation.org\/fr\/blog\/#primaryimage"},"thumbnailUrl":"https:\/\/www.divinerenovation.org\/wp-content\/uploads\/2024\/02\/IMG_4393-scaled.jpeg","datePublished":"2022-07-29T20:53:55+00:00","dateModified":"2025-08-07T19:59:40+00:00","description":"Pr\u00eat pour de bonnes nouvelles ? D\u00e9couvrez les derni\u00e8res histoires et articles sur le renouveau paroissial qui se d\u00e9roule \u00e0 travers le monde.","breadcrumb":{"@id":"https:\/\/www.divinerenovation.org\/fr\/blog\/#breadcrumb"},"inLanguage":"fr-FR","potentialAction":[{"@type":"ReadAction","target":["https:\/\/www.divinerenovation.org\/fr\/blog\/"]}]},{"@type":"ImageObject","inLanguage":"fr-FR","@id":"https:\/\/www.divinerenovation.org\/fr\/blog\/#primaryimage","url":"https:\/\/www.divinerenovation.org\/wp-content\/uploads\/2024\/02\/IMG_4393-scaled.jpeg","contentUrl":"https:\/\/www.divinerenovation.org\/wp-content\/uploads\/2024\/02\/IMG_4393-scaled.jpeg","width":2560,"height":1920},{"@type":"BreadcrumbList","@id":"https:\/\/www.divinerenovation.org\/fr\/blog\/#breadcrumb","itemListElement":[{"@type":"ListItem","position":1,"name":"Home","item":"https:\/\/www.divinerenovation.org\/fr\/accueil\/"},{"@type":"ListItem","position":2,"name":"BLOG"}]},{"@type":"WebSite","@id":"https:\/\/www.divinerenovation.org\/fr\/#website","url":"https:\/\/www.divinerenovation.org\/fr\/","name":"Divine Renovation Ministry","description":"Bringing hope to priests, life to parishes, and people to Jesus.","publisher":{"@id":"https:\/\/www.divinerenovation.org\/fr\/#organization"},"alternateName":"DR","potentialAction":[{"@type":"SearchAction","target":{"@type":"EntryPoint","urlTemplate":"https:\/\/www.divinerenovation.org\/fr\/?s={search_term_string}"},"query-input":{"@type":"PropertyValueSpecification","valueRequired":true,"valueName":"search_term_string"}}],"inLanguage":"fr-FR"},{"@type":"Organization","@id":"https:\/\/www.divinerenovation.org\/fr\/#organization","name":"Divine Renovation Ministry","alternateName":"DR","url":"https:\/\/www.divinerenovation.org\/fr\/","logo":{"@type":"ImageObject","inLanguage":"fr-FR","@id":"https:\/\/www.divinerenovation.org\/fr\/#\/schema\/logo\/image\/","url":"https:\/\/www.divinerenovation.org\/wp-content\/uploads\/2022\/08\/Divine-Renovation-Logo-RGB-Web-Colour-e1659649013740.png","contentUrl":"https:\/\/www.divinerenovation.org\/wp-content\/uploads\/2022\/08\/Divine-Renovation-Logo-RGB-Web-Colour-e1659649013740.png","width":200,"height":84,"caption":"Divine Renovation Ministry"},"image":{"@id":"https:\/\/www.divinerenovation.org\/fr\/#\/schema\/logo\/image\/"},"sameAs":["https:\/\/www.facebook.com\/DivineRenovation","https:\/\/x.com\/DivReno","https:\/\/www.youtube.com\/@DivinerenovationNet","https:\/\/www.instagram.com\/divinerenovation\/"]}]}},"_links":{"self":[{"href":"https:\/\/www.divinerenovation.org\/fr\/wp-json\/wp\/v2\/pages\/29728","targetHints":{"allow":["GET"]}}],"collection":[{"href":"https:\/\/www.divinerenovation.org\/fr\/wp-json\/wp\/v2\/pages"}],"about":[{"href":"https:\/\/www.divinerenovation.org\/fr\/wp-json\/wp\/v2\/types\/page"}],"author":[{"embeddable":true,"href":"https:\/\/www.divinerenovation.org\/fr\/wp-json\/wp\/v2\/users\/8190"}],"replies":[{"embeddable":true,"href":"https:\/\/www.divinerenovation.org\/fr\/wp-json\/wp\/v2\/comments?post=29728"}],"version-history":[{"count":6,"href":"https:\/\/www.divinerenovation.org\/fr\/wp-json\/wp\/v2\/pages\/29728\/revisions"}],"predecessor-version":[{"id":29736,"href":"https:\/\/www.divinerenovation.org\/fr\/wp-json\/wp\/v2\/pages\/29728\/revisions\/29736"}],"wp:featuredmedia":[{"embeddable":true,"href":"https:\/\/www.divinerenovation.org\/fr\/wp-json\/wp\/v2\/media\/16350"}],"wp:attachment":[{"href":"https:\/\/www.divinerenovation.org\/fr\/wp-json\/wp\/v2\/media?parent=29728"}],"curies":[{"name":"wp","href":"https:\/\/api.w.org\/{rel}","templated":true}]}}